{"id":95,"date":"2024-06-14T21:49:04","date_gmt":"2024-06-14T21:49:04","guid":{"rendered":"https:\/\/autoglassthevencedor.com\/clients\/"},"modified":"2025-03-04T09:22:04","modified_gmt":"2025-03-04T14:22:04","slug":"servicios","status":"publish","type":"page","link":"https:\/\/autoglassthevencedor.com\/en\/servicios\/","title":{"rendered":""},"content":{"rendered":"<div data-elementor-type=\"wp-page\" data-elementor-id=\"95\" class=\"elementor elementor-95\">\n\t\t\t\t<div class=\"elementor-element elementor-element-5fded039 e-flex e-con-boxed e-con e-parent\" data-id=\"5fded039\" data-element_type=\"container\" data-e-type=\"container\" data-settings=\"{&quot;background_background&quot;:&quot;classic&quot;}\">\n\t\t\t\t\t<div class=\"e-con-inner\">\n\t\t\t\t<div class=\"elementor-element elementor-element-5517bacd elementor-widget elementor-widget-image\" data-id=\"5517bacd\" data-element_type=\"widget\" data-e-type=\"widget\" data-widget_type=\"image.default\">\n\t\t\t\t<div class=\"elementor-widget-container\">\n\t\t\t\t\t\t\t\t\t\t\t\t\t\t\t<img fetchpriority=\"high\" decoding=\"async\" width=\"768\" height=\"1024\" src=\"https:\/\/autoglassthevencedor.com\/wp-content\/uploads\/2024\/06\/IMG_8146-2-768x1024.jpg\" class=\"attachment-medium_large size-medium_large wp-image-234\" alt=\"\" srcset=\"https:\/\/autoglassthevencedor.com\/wp-content\/uploads\/2024\/06\/IMG_8146-2-768x1024.jpg 768w, https:\/\/autoglassthevencedor.com\/wp-content\/uploads\/2024\/06\/IMG_8146-2-225x300.jpg 225w, https:\/\/autoglassthevencedor.com\/wp-content\/uploads\/2024\/06\/IMG_8146-2-scaled.jpg 1920w\" sizes=\"(max-width: 768px) 100vw, 768px\" \/>\t\t\t\t\t\t\t\t\t\t\t\t\t\t\t<\/div>\n\t\t\t\t<\/div>\n\t\t<div class=\"elementor-element elementor-element-19dc0eae e-con-full e-flex e-con e-child\" data-id=\"19dc0eae\" data-element_type=\"container\" data-e-type=\"container\">\n\t\t\t\t<div class=\"elementor-element elementor-element-11676e98 animated-slow elementor-invisible elementor-widget elementor-widget-heading\" data-id=\"11676e98\" data-element_type=\"widget\" data-e-type=\"widget\" data-settings=\"{&quot;_animation&quot;:&quot;slideInUp&quot;}\" data-widget_type=\"heading.default\">\n\t\t\t\t<div class=\"elementor-widget-container\">\n\t\t\t\t\t<h2 class=\"elementor-heading-title elementor-size-default\">Services for Cars and SUVs<\/h2>\t\t\t\t<\/div>\n\t\t\t\t<\/div>\n\t\t\t\t<div class=\"elementor-element elementor-element-44fdd5ea elementor-widget elementor-widget-text-editor\" data-id=\"44fdd5ea\" data-element_type=\"widget\" data-e-type=\"widget\" data-widget_type=\"text-editor.default\">\n\t\t\t\t<div class=\"elementor-widget-container\">\n\t\t\t\t\t\t\t\t\t<p><strong>Need expert windshield services? <\/strong><\/p><p>Do you have a chip or crack in your car's glass? Poor driving conditions or even bad weather can damage your windshield with projectiles like road rocks, debris, or even hail. Whether the damage is on the windshield, rear window, or side window, Auto Glass The Vencedor services can help.<\/p>\t\t\t\t\t\t\t\t<\/div>\n\t\t\t\t<\/div>\n\t\t\t\t<\/div>\n\t\t\t\t\t<\/div>\n\t\t\t\t<\/div>\n\t\t<div class=\"elementor-element elementor-element-74286e3d e-con-full e-flex e-con e-parent\" data-id=\"74286e3d\" data-element_type=\"container\" data-e-type=\"container\" data-settings=\"{&quot;background_background&quot;:&quot;classic&quot;}\">\n\t\t<div class=\"elementor-element elementor-element-7a7f176e e-con-full e-flex e-con e-child\" data-id=\"7a7f176e\" data-element_type=\"container\" data-e-type=\"container\">\n\t\t<div class=\"elementor-element elementor-element-13b7d1f5 animated-slow e-con-full e-flex elementor-invisible e-con e-child\" data-id=\"13b7d1f5\" data-element_type=\"container\" data-e-type=\"container\" data-settings=\"{&quot;animation&quot;:&quot;fadeInUp&quot;,&quot;animation_delay&quot;:150}\">\n\t\t\t\t<div class=\"elementor-element elementor-element-5d43ba2c elementor-cta--skin-cover elementor-cta--valign-bottom elementor-animated-content elementor-bg-transform elementor-bg-transform-zoom-in elementor-widget elementor-widget-call-to-action\" data-id=\"5d43ba2c\" data-element_type=\"widget\" data-e-type=\"widget\" data-widget_type=\"call-to-action.default\">\n\t\t\t\t<div class=\"elementor-widget-container\">\n\t\t\t\t\t\t\t<div class=\"elementor-cta\">\n\t\t\t\t\t<div class=\"elementor-cta__bg-wrapper\">\n\t\t\t\t<div class=\"elementor-cta__bg elementor-bg\" style=\"background-image: url(https:\/\/autoglassthevencedor.com\/wp-content\/uploads\/2024\/06\/iStock-986656136-1024x683.jpg);\"><\/div>\n\t\t\t\t<div class=\"elementor-cta__bg-overlay\"><\/div>\n\t\t\t<\/div>\n\t\t\t\t\t\t\t<div class=\"elementor-cta__content\">\n\t\t\t\t\n\t\t\t\t<h2 class=\"elementor-cta__title elementor-cta__content-item elementor-content-item elementor-animated-item--grow\">Windshield Replacement<\/h2>\n\t\t\t\t\n\t\t\t\t\t\t\t<\/div>\n\t\t\t\t\t\t<\/div>\n\t\t\t\t\t\t<\/div>\n\t\t\t\t<\/div>\n\t\t\t\t<div class=\"elementor-element elementor-element-5dfe723a elementor-widget__width-initial animated-slow elementor-invisible elementor-widget elementor-widget-spacer\" data-id=\"5dfe723a\" data-element_type=\"widget\" data-e-type=\"widget\" data-settings=\"{&quot;_animation&quot;:&quot;rotateInDownLeft&quot;}\" data-widget_type=\"spacer.default\">\n\t\t\t\t<div class=\"elementor-widget-container\">\n\t\t\t\t\t\t\t<div class=\"elementor-spacer\">\n\t\t\t<div class=\"elementor-spacer-inner\"><\/div>\n\t\t<\/div>\n\t\t\t\t\t\t<\/div>\n\t\t\t\t<\/div>\n\t\t\t\t<div class=\"elementor-element elementor-element-4ce545bb elementor-cta--layout-image-above elementor-cta--skin-classic elementor-animated-content elementor-bg-transform elementor-bg-transform-zoom-in elementor-widget elementor-widget-call-to-action\" data-id=\"4ce545bb\" data-element_type=\"widget\" data-e-type=\"widget\" data-widget_type=\"call-to-action.default\">\n\t\t\t\t<div class=\"elementor-widget-container\">\n\t\t\t\t\t\t\t<div class=\"elementor-cta\">\n\t\t\t\t\t\t\t<div class=\"elementor-cta__content\">\n\t\t\t\t\n\t\t\t\t\n\t\t\t\t\t\t\t\t\t<div class=\"elementor-cta__description elementor-cta__content-item elementor-content-item\">\n\t\t\t\t\t\tTo request more information, make a free call now.\t\t\t\t\t<\/div>\n\t\t\t\t\n\t\t\t\t\t\t\t\t\t<div class=\"elementor-cta__button-wrapper elementor-cta__content-item elementor-content-item\">\n\t\t\t\t\t<a class=\"elementor-cta__button elementor-button elementor-size-sm\" href=\"tel:+13212006771\">\n\t\t\t\t\t\tLlama Ahora\t\t\t\t\t<\/a>\n\t\t\t\t\t<\/div>\n\t\t\t\t\t\t\t<\/div>\n\t\t\t\t\t\t<\/div>\n\t\t\t\t\t\t<\/div>\n\t\t\t\t<\/div>\n\t\t\t\t<\/div>\n\t\t<div class=\"elementor-element elementor-element-3d2145ba animated-slow e-con-full e-flex elementor-invisible e-con e-child\" data-id=\"3d2145ba\" data-element_type=\"container\" data-e-type=\"container\" data-settings=\"{&quot;animation&quot;:&quot;fadeInUp&quot;,&quot;animation_delay&quot;:150}\">\n\t\t\t\t<div class=\"elementor-element elementor-element-4d8675a elementor-cta--skin-cover elementor-cta--valign-bottom elementor-animated-content elementor-bg-transform elementor-bg-transform-zoom-in elementor-widget elementor-widget-call-to-action\" data-id=\"4d8675a\" data-element_type=\"widget\" data-e-type=\"widget\" data-widget_type=\"call-to-action.default\">\n\t\t\t\t<div class=\"elementor-widget-container\">\n\t\t\t\t\t\t\t<div class=\"elementor-cta\">\n\t\t\t\t\t<div class=\"elementor-cta__bg-wrapper\">\n\t\t\t\t<div class=\"elementor-cta__bg elementor-bg\" style=\"background-image: url(https:\/\/autoglassthevencedor.com\/wp-content\/uploads\/2024\/06\/iStock-1500821433.jpg);\"><\/div>\n\t\t\t\t<div class=\"elementor-cta__bg-overlay\"><\/div>\n\t\t\t<\/div>\n\t\t\t\t\t\t\t<div class=\"elementor-cta__content\">\n\t\t\t\t\n\t\t\t\t<h2 class=\"elementor-cta__title elementor-cta__content-item elementor-content-item elementor-animated-item--grow\">Rear Window Replacement<\/h2>\n\t\t\t\t\n\t\t\t\t\t\t\t<\/div>\n\t\t\t\t\t\t<\/div>\n\t\t\t\t\t\t<\/div>\n\t\t\t\t<\/div>\n\t\t\t\t<div class=\"elementor-element elementor-element-6d79cc62 elementor-widget__width-initial animated-slow elementor-invisible elementor-widget elementor-widget-spacer\" data-id=\"6d79cc62\" data-element_type=\"widget\" data-e-type=\"widget\" data-settings=\"{&quot;_animation&quot;:&quot;rotateInDownLeft&quot;}\" data-widget_type=\"spacer.default\">\n\t\t\t\t<div class=\"elementor-widget-container\">\n\t\t\t\t\t\t\t<div class=\"elementor-spacer\">\n\t\t\t<div class=\"elementor-spacer-inner\"><\/div>\n\t\t<\/div>\n\t\t\t\t\t\t<\/div>\n\t\t\t\t<\/div>\n\t\t\t\t<div class=\"elementor-element elementor-element-3c212156 elementor-cta--layout-image-above elementor-cta--skin-classic elementor-animated-content elementor-bg-transform elementor-bg-transform-zoom-in elementor-widget elementor-widget-call-to-action\" data-id=\"3c212156\" data-element_type=\"widget\" data-e-type=\"widget\" data-widget_type=\"call-to-action.default\">\n\t\t\t\t<div class=\"elementor-widget-container\">\n\t\t\t\t\t\t\t<div class=\"elementor-cta\">\n\t\t\t\t\t\t\t<div class=\"elementor-cta__content\">\n\t\t\t\t\n\t\t\t\t\n\t\t\t\t\t\t\t\t\t<div class=\"elementor-cta__description elementor-cta__content-item elementor-content-item\">\n\t\t\t\t\t\tTo request more information, make a free call now.\t\t\t\t\t<\/div>\n\t\t\t\t\n\t\t\t\t\t\t\t\t\t<div class=\"elementor-cta__button-wrapper elementor-cta__content-item elementor-content-item\">\n\t\t\t\t\t<a class=\"elementor-cta__button elementor-button elementor-size-sm\" href=\"tel:+13212006771\">\n\t\t\t\t\t\tLlama Ahora\t\t\t\t\t<\/a>\n\t\t\t\t\t<\/div>\n\t\t\t\t\t\t\t<\/div>\n\t\t\t\t\t\t<\/div>\n\t\t\t\t\t\t<\/div>\n\t\t\t\t<\/div>\n\t\t\t\t<\/div>\n\t\t<div class=\"elementor-element elementor-element-4250175 animated-slow e-con-full e-flex elementor-invisible e-con e-child\" data-id=\"4250175\" data-element_type=\"container\" data-e-type=\"container\" data-settings=\"{&quot;animation&quot;:&quot;fadeInUp&quot;,&quot;animation_delay&quot;:150}\">\n\t\t\t\t<div class=\"elementor-element elementor-element-243f07f6 elementor-cta--skin-cover elementor-cta--valign-bottom elementor-animated-content elementor-bg-transform elementor-bg-transform-zoom-in elementor-widget elementor-widget-call-to-action\" data-id=\"243f07f6\" data-element_type=\"widget\" data-e-type=\"widget\" data-widget_type=\"call-to-action.default\">\n\t\t\t\t<div class=\"elementor-widget-container\">\n\t\t\t\t\t\t\t<div class=\"elementor-cta\">\n\t\t\t\t\t<div class=\"elementor-cta__bg-wrapper\">\n\t\t\t\t<div class=\"elementor-cta__bg elementor-bg\" style=\"background-image: url(https:\/\/autoglassthevencedor.com\/wp-content\/uploads\/2024\/06\/iStock-2096439499-1024x683.jpg);\"><\/div>\n\t\t\t\t<div class=\"elementor-cta__bg-overlay\"><\/div>\n\t\t\t<\/div>\n\t\t\t\t\t\t\t<div class=\"elementor-cta__content\">\n\t\t\t\t\n\t\t\t\t<h2 class=\"elementor-cta__title elementor-cta__content-item elementor-content-item elementor-animated-item--grow\">Side Window Replacement<\/h2>\n\t\t\t\t\n\t\t\t\t\t\t\t<\/div>\n\t\t\t\t\t\t<\/div>\n\t\t\t\t\t\t<\/div>\n\t\t\t\t<\/div>\n\t\t\t\t<div class=\"elementor-element elementor-element-18a0a94d elementor-widget__width-initial animated-slow elementor-invisible elementor-widget elementor-widget-spacer\" data-id=\"18a0a94d\" data-element_type=\"widget\" data-e-type=\"widget\" data-settings=\"{&quot;_animation&quot;:&quot;rotateInDownLeft&quot;}\" data-widget_type=\"spacer.default\">\n\t\t\t\t<div class=\"elementor-widget-container\">\n\t\t\t\t\t\t\t<div class=\"elementor-spacer\">\n\t\t\t<div class=\"elementor-spacer-inner\"><\/div>\n\t\t<\/div>\n\t\t\t\t\t\t<\/div>\n\t\t\t\t<\/div>\n\t\t\t\t<div class=\"elementor-element elementor-element-7f6da2c7 elementor-cta--layout-image-above elementor-cta--skin-classic elementor-animated-content elementor-bg-transform elementor-bg-transform-zoom-in elementor-widget elementor-widget-call-to-action\" data-id=\"7f6da2c7\" data-element_type=\"widget\" data-e-type=\"widget\" data-widget_type=\"call-to-action.default\">\n\t\t\t\t<div class=\"elementor-widget-container\">\n\t\t\t\t\t\t\t<div class=\"elementor-cta\">\n\t\t\t\t\t\t\t<div class=\"elementor-cta__content\">\n\t\t\t\t\n\t\t\t\t\n\t\t\t\t\t\t\t\t\t<div class=\"elementor-cta__description elementor-cta__content-item elementor-content-item\">\n\t\t\t\t\t\tTo request more information, make a free call now.\t\t\t\t\t<\/div>\n\t\t\t\t\n\t\t\t\t\t\t\t\t\t<div class=\"elementor-cta__button-wrapper elementor-cta__content-item elementor-content-item\">\n\t\t\t\t\t<a class=\"elementor-cta__button elementor-button elementor-size-sm\" href=\"tel:+13212006771\">\n\t\t\t\t\t\tLlama Ahora\t\t\t\t\t<\/a>\n\t\t\t\t\t<\/div>\n\t\t\t\t\t\t\t<\/div>\n\t\t\t\t\t\t<\/div>\n\t\t\t\t\t\t<\/div>\n\t\t\t\t<\/div>\n\t\t\t\t<\/div>\n\t\t<div class=\"elementor-element elementor-element-684b7903 animated-slow e-con-full e-flex elementor-invisible e-con e-child\" data-id=\"684b7903\" data-element_type=\"container\" data-e-type=\"container\" data-settings=\"{&quot;animation&quot;:&quot;fadeInUp&quot;,&quot;animation_delay&quot;:150}\">\n\t\t\t\t<div class=\"elementor-element elementor-element-37b26dcc elementor-cta--skin-cover elementor-cta--valign-bottom elementor-animated-content elementor-bg-transform elementor-bg-transform-zoom-in elementor-widget elementor-widget-call-to-action\" data-id=\"37b26dcc\" data-element_type=\"widget\" data-e-type=\"widget\" data-widget_type=\"call-to-action.default\">\n\t\t\t\t<div class=\"elementor-widget-container\">\n\t\t\t\t\t\t\t<div class=\"elementor-cta\">\n\t\t\t\t\t<div class=\"elementor-cta__bg-wrapper\">\n\t\t\t\t<div class=\"elementor-cta__bg elementor-bg\" style=\"background-image: url(https:\/\/autoglassthevencedor.com\/wp-content\/uploads\/2024\/06\/iStock-949585386-2-1024x683.jpg);\"><\/div>\n\t\t\t\t<div class=\"elementor-cta__bg-overlay\"><\/div>\n\t\t\t<\/div>\n\t\t\t\t\t\t\t<div class=\"elementor-cta__content\">\n\t\t\t\t\n\t\t\t\t<h2 class=\"elementor-cta__title elementor-cta__content-item elementor-content-item elementor-animated-item--grow\">Calibration<\/h2>\n\t\t\t\t\n\t\t\t\t\t\t\t<\/div>\n\t\t\t\t\t\t<\/div>\n\t\t\t\t\t\t<\/div>\n\t\t\t\t<\/div>\n\t\t\t\t<div class=\"elementor-element elementor-element-218c1fbb elementor-widget__width-initial animated-slow elementor-invisible elementor-widget elementor-widget-spacer\" data-id=\"218c1fbb\" data-element_type=\"widget\" data-e-type=\"widget\" data-settings=\"{&quot;_animation&quot;:&quot;rotateInDownLeft&quot;}\" data-widget_type=\"spacer.default\">\n\t\t\t\t<div class=\"elementor-widget-container\">\n\t\t\t\t\t\t\t<div class=\"elementor-spacer\">\n\t\t\t<div class=\"elementor-spacer-inner\"><\/div>\n\t\t<\/div>\n\t\t\t\t\t\t<\/div>\n\t\t\t\t<\/div>\n\t\t\t\t<div class=\"elementor-element elementor-element-5c01e96d elementor-cta--layout-image-above elementor-cta--skin-classic elementor-animated-content elementor-bg-transform elementor-bg-transform-zoom-in elementor-widget elementor-widget-call-to-action\" data-id=\"5c01e96d\" data-element_type=\"widget\" data-e-type=\"widget\" data-widget_type=\"call-to-action.default\">\n\t\t\t\t<div class=\"elementor-widget-container\">\n\t\t\t\t\t\t\t<div class=\"elementor-cta\">\n\t\t\t\t\t\t\t<div class=\"elementor-cta__content\">\n\t\t\t\t\n\t\t\t\t\n\t\t\t\t\t\t\t\t\t<div class=\"elementor-cta__description elementor-cta__content-item elementor-content-item\">\n\t\t\t\t\t\tTo request more information, make a free call now.\t\t\t\t\t<\/div>\n\t\t\t\t\n\t\t\t\t\t\t\t\t\t<div class=\"elementor-cta__button-wrapper elementor-cta__content-item elementor-content-item\">\n\t\t\t\t\t<a class=\"elementor-cta__button elementor-button elementor-size-sm\" href=\"tel:+13212006771\">\n\t\t\t\t\t\tLlama Ahora\t\t\t\t\t<\/a>\n\t\t\t\t\t<\/div>\n\t\t\t\t\t\t\t<\/div>\n\t\t\t\t\t\t<\/div>\n\t\t\t\t\t\t<\/div>\n\t\t\t\t<\/div>\n\t\t\t\t<\/div>\n\t\t\t\t<\/div>\n\t\t\t\t<\/div>\n\t\t\t\t<\/div>","protected":false},"excerpt":{"rendered":"<p>servicios para carros y camionetas \u00bfNecesita servicios de parabrisas de parte de expertos? \u00bfTiene un desconchado o grieta en el vidrio de su auto? Las malas condiciones de conducci\u00f3n o incluso el mal tiempo pueden da\u00f1ar el parabrisas con proyectiles como piedras en la carretera, escombros o incluso granizo. Ya sea que el da\u00f1o est\u00e9 [&hellip;]<\/p>\n","protected":false},"author":1,"featured_media":0,"parent":0,"menu_order":0,"comment_status":"closed","ping_status":"closed","template":"elementor_header_footer","meta":{"footnotes":""},"class_list":["post-95","page","type-page","status-publish","hentry"],"yoast_head":"<!-- This site is optimized with the Yoast SEO plugin v27.4 - https:\/\/yoast.com\/product\/yoast-seo-wordpress\/ -->\n<title>- Auto Glass The Vencedor<\/title>\n<meta name=\"robots\" content=\"index, follow, max-snippet:-1, max-image-preview:large, max-video-preview:-1\" \/>\n<link rel=\"canonical\" href=\"https:\/\/autoglassthevencedor.com\/en\/servicios\/\" \/>\n<meta property=\"og:locale\" content=\"en_US\" \/>\n<meta property=\"og:type\" content=\"article\" \/>\n<meta property=\"og:title\" content=\"- Auto Glass The Vencedor\" \/>\n<meta property=\"og:description\" content=\"servicios para carros y camionetas \u00bfNecesita servicios de parabrisas de parte de expertos? \u00bfTiene un desconchado o grieta en el vidrio de su auto? Las malas condiciones de conducci\u00f3n o incluso el mal tiempo pueden da\u00f1ar el parabrisas con proyectiles como piedras en la carretera, escombros o incluso granizo. Ya sea que el da\u00f1o est\u00e9 [&hellip;]\" \/>\n<meta property=\"og:url\" content=\"https:\/\/autoglassthevencedor.com\/en\/servicios\/\" \/>\n<meta property=\"og:site_name\" content=\"Auto Glass The Vencedor\" \/>\n<meta property=\"article:publisher\" content=\"https:\/\/www.facebook.com\/profile.php?id=61559723019818&amp;mibextid=ZbWKwL\" \/>\n<meta property=\"article:modified_time\" content=\"2025-03-04T14:22:04+00:00\" \/>\n<meta property=\"og:image\" content=\"https:\/\/autoglassthevencedor.com\/wp-content\/uploads\/2024\/06\/IMG_8146-2-scaled.jpg\" \/>\n\t<meta property=\"og:image:width\" content=\"1920\" \/>\n\t<meta property=\"og:image:height\" content=\"2560\" \/>\n\t<meta property=\"og:image:type\" content=\"image\/jpeg\" \/>\n<meta name=\"twitter:card\" content=\"summary_large_image\" \/>\n<meta name=\"twitter:label1\" content=\"Est. reading time\" \/>\n\t<meta name=\"twitter:data1\" content=\"1 minute\" \/>\n<script type=\"application\/ld+json\" class=\"yoast-schema-graph\">{\"@context\":\"https:\\\/\\\/schema.org\",\"@graph\":[{\"@type\":\"WebPage\",\"@id\":\"https:\\\/\\\/autoglassthevencedor.com\\\/servicios\\\/\",\"url\":\"https:\\\/\\\/autoglassthevencedor.com\\\/servicios\\\/\",\"name\":\"- Auto Glass The Vencedor\",\"isPartOf\":{\"@id\":\"https:\\\/\\\/autoglassthevencedor.com\\\/#website\"},\"primaryImageOfPage\":{\"@id\":\"https:\\\/\\\/autoglassthevencedor.com\\\/servicios\\\/#primaryimage\"},\"image\":{\"@id\":\"https:\\\/\\\/autoglassthevencedor.com\\\/servicios\\\/#primaryimage\"},\"thumbnailUrl\":\"https:\\\/\\\/autoglassthevencedor.com\\\/wp-content\\\/uploads\\\/2024\\\/06\\\/IMG_8146-2-768x1024.jpg\",\"datePublished\":\"2024-06-14T21:49:04+00:00\",\"dateModified\":\"2025-03-04T14:22:04+00:00\",\"inLanguage\":\"en-US\",\"potentialAction\":[{\"@type\":\"ReadAction\",\"target\":[\"https:\\\/\\\/autoglassthevencedor.com\\\/servicios\\\/\"]}]},{\"@type\":\"ImageObject\",\"inLanguage\":\"en-US\",\"@id\":\"https:\\\/\\\/autoglassthevencedor.com\\\/servicios\\\/#primaryimage\",\"url\":\"https:\\\/\\\/autoglassthevencedor.com\\\/wp-content\\\/uploads\\\/2024\\\/06\\\/IMG_8146-2-768x1024.jpg\",\"contentUrl\":\"https:\\\/\\\/autoglassthevencedor.com\\\/wp-content\\\/uploads\\\/2024\\\/06\\\/IMG_8146-2-768x1024.jpg\"},{\"@type\":\"WebSite\",\"@id\":\"https:\\\/\\\/autoglassthevencedor.com\\\/#website\",\"url\":\"https:\\\/\\\/autoglassthevencedor.com\\\/\",\"name\":\"Auto Glass The Vencedor\",\"description\":\"\",\"publisher\":{\"@id\":\"https:\\\/\\\/autoglassthevencedor.com\\\/#organization\"},\"potentialAction\":[{\"@type\":\"SearchAction\",\"target\":{\"@type\":\"EntryPoint\",\"urlTemplate\":\"https:\\\/\\\/autoglassthevencedor.com\\\/?s={search_term_string}\"},\"query-input\":{\"@type\":\"PropertyValueSpecification\",\"valueRequired\":true,\"valueName\":\"search_term_string\"}}],\"inLanguage\":\"en-US\"},{\"@type\":\"Organization\",\"@id\":\"https:\\\/\\\/autoglassthevencedor.com\\\/#organization\",\"name\":\"Auto Glass The Vencedor\",\"url\":\"https:\\\/\\\/autoglassthevencedor.com\\\/\",\"logo\":{\"@type\":\"ImageObject\",\"inLanguage\":\"en-US\",\"@id\":\"https:\\\/\\\/autoglassthevencedor.com\\\/#\\\/schema\\\/logo\\\/image\\\/\",\"url\":\"https:\\\/\\\/autoglassthevencedor.com\\\/wp-content\\\/uploads\\\/2024\\\/06\\\/logo-color-png-2.png\",\"contentUrl\":\"https:\\\/\\\/autoglassthevencedor.com\\\/wp-content\\\/uploads\\\/2024\\\/06\\\/logo-color-png-2.png\",\"width\":1741,\"height\":652,\"caption\":\"Auto Glass The Vencedor\"},\"image\":{\"@id\":\"https:\\\/\\\/autoglassthevencedor.com\\\/#\\\/schema\\\/logo\\\/image\\\/\"},\"sameAs\":[\"https:\\\/\\\/www.facebook.com\\\/profile.php?id=61559723019818&mibextid=ZbWKwL\"]}]}<\/script>\n<!-- \/ Yoast SEO plugin. -->","yoast_head_json":{"title":"- Auto Glass The Vencedor","robots":{"index":"index","follow":"follow","max-snippet":"max-snippet:-1","max-image-preview":"max-image-preview:large","max-video-preview":"max-video-preview:-1"},"canonical":"https:\/\/autoglassthevencedor.com\/en\/servicios\/","og_locale":"en_US","og_type":"article","og_title":"- Auto Glass The Vencedor","og_description":"servicios para carros y camionetas \u00bfNecesita servicios de parabrisas de parte de expertos? \u00bfTiene un desconchado o grieta en el vidrio de su auto? Las malas condiciones de conducci\u00f3n o incluso el mal tiempo pueden da\u00f1ar el parabrisas con proyectiles como piedras en la carretera, escombros o incluso granizo. Ya sea que el da\u00f1o est\u00e9 [&hellip;]","og_url":"https:\/\/autoglassthevencedor.com\/en\/servicios\/","og_site_name":"Auto Glass The Vencedor","article_publisher":"https:\/\/www.facebook.com\/profile.php?id=61559723019818&mibextid=ZbWKwL","article_modified_time":"2025-03-04T14:22:04+00:00","og_image":[{"width":1920,"height":2560,"url":"https:\/\/autoglassthevencedor.com\/wp-content\/uploads\/2024\/06\/IMG_8146-2-scaled.jpg","type":"image\/jpeg"}],"twitter_card":"summary_large_image","twitter_misc":{"Est. reading time":"1 minute"},"schema":{"@context":"https:\/\/schema.org","@graph":[{"@type":"WebPage","@id":"https:\/\/autoglassthevencedor.com\/servicios\/","url":"https:\/\/autoglassthevencedor.com\/servicios\/","name":"- Auto Glass The Vencedor","isPartOf":{"@id":"https:\/\/autoglassthevencedor.com\/#website"},"primaryImageOfPage":{"@id":"https:\/\/autoglassthevencedor.com\/servicios\/#primaryimage"},"image":{"@id":"https:\/\/autoglassthevencedor.com\/servicios\/#primaryimage"},"thumbnailUrl":"https:\/\/autoglassthevencedor.com\/wp-content\/uploads\/2024\/06\/IMG_8146-2-768x1024.jpg","datePublished":"2024-06-14T21:49:04+00:00","dateModified":"2025-03-04T14:22:04+00:00","inLanguage":"en-US","potentialAction":[{"@type":"ReadAction","target":["https:\/\/autoglassthevencedor.com\/servicios\/"]}]},{"@type":"ImageObject","inLanguage":"en-US","@id":"https:\/\/autoglassthevencedor.com\/servicios\/#primaryimage","url":"https:\/\/autoglassthevencedor.com\/wp-content\/uploads\/2024\/06\/IMG_8146-2-768x1024.jpg","contentUrl":"https:\/\/autoglassthevencedor.com\/wp-content\/uploads\/2024\/06\/IMG_8146-2-768x1024.jpg"},{"@type":"WebSite","@id":"https:\/\/autoglassthevencedor.com\/#website","url":"https:\/\/autoglassthevencedor.com\/","name":"Auto Glass The Vencedor","description":"","publisher":{"@id":"https:\/\/autoglassthevencedor.com\/#organization"},"potentialAction":[{"@type":"SearchAction","target":{"@type":"EntryPoint","urlTemplate":"https:\/\/autoglassthevencedor.com\/?s={search_term_string}"},"query-input":{"@type":"PropertyValueSpecification","valueRequired":true,"valueName":"search_term_string"}}],"inLanguage":"en-US"},{"@type":"Organization","@id":"https:\/\/autoglassthevencedor.com\/#organization","name":"Auto Glass The Vencedor","url":"https:\/\/autoglassthevencedor.com\/","logo":{"@type":"ImageObject","inLanguage":"en-US","@id":"https:\/\/autoglassthevencedor.com\/#\/schema\/logo\/image\/","url":"https:\/\/autoglassthevencedor.com\/wp-content\/uploads\/2024\/06\/logo-color-png-2.png","contentUrl":"https:\/\/autoglassthevencedor.com\/wp-content\/uploads\/2024\/06\/logo-color-png-2.png","width":1741,"height":652,"caption":"Auto Glass The Vencedor"},"image":{"@id":"https:\/\/autoglassthevencedor.com\/#\/schema\/logo\/image\/"},"sameAs":["https:\/\/www.facebook.com\/profile.php?id=61559723019818&mibextid=ZbWKwL"]}]}},"jetpack_sharing_enabled":true,"_links":{"self":[{"href":"https:\/\/autoglassthevencedor.com\/en\/wp-json\/wp\/v2\/pages\/95","targetHints":{"allow":["GET"]}}],"collection":[{"href":"https:\/\/autoglassthevencedor.com\/en\/wp-json\/wp\/v2\/pages"}],"about":[{"href":"https:\/\/autoglassthevencedor.com\/en\/wp-json\/wp\/v2\/types\/page"}],"author":[{"embeddable":true,"href":"https:\/\/autoglassthevencedor.com\/en\/wp-json\/wp\/v2\/users\/1"}],"replies":[{"embeddable":true,"href":"https:\/\/autoglassthevencedor.com\/en\/wp-json\/wp\/v2\/comments?post=95"}],"version-history":[{"count":20,"href":"https:\/\/autoglassthevencedor.com\/en\/wp-json\/wp\/v2\/pages\/95\/revisions"}],"predecessor-version":[{"id":755,"href":"https:\/\/autoglassthevencedor.com\/en\/wp-json\/wp\/v2\/pages\/95\/revisions\/755"}],"wp:attachment":[{"href":"https:\/\/autoglassthevencedor.com\/en\/wp-json\/wp\/v2\/media?parent=95"}],"curies":[{"name":"wp","href":"https:\/\/api.w.org\/{rel}","templated":true}]}}